{"id":26,"date":"2017-12-13T08:38:46","date_gmt":"2017-12-13T08:38:46","guid":{"rendered":"http:\/\/luxcocinas.com\/index.php\/contact\/"},"modified":"2021-03-10T01:47:14","modified_gmt":"2021-03-10T01:47:14","slug":"quiero-una-cocina","status":"publish","type":"page","link":"https:\/\/luxcocinas.com\/index.php\/quiero-una-cocina\/","title":{"rendered":"CONTACTO"},"content":{"rendered":"\t\t<div data-elementor-type=\"wp-post\" data-elementor-id=\"26\" class=\"elementor elementor-26\">\n\t\t\t\t\t\t<section class=\"elementor-section elementor-top-section elementor-element elementor-element-fae5fb9 elementor-section-boxed elementor-section-height-default elementor-section-height-default\" data-id=\"fae5fb9\" data-element_type=\"section\" data-settings=\"{&quot;background_background&quot;:&quot;gradient&quot;}\">\n\t\t\t\t\t\t<div class=\"elementor-container elementor-column-gap-default\">\n\t\t\t\t\t<div class=\"elementor-column elementor-col-100 elementor-top-column elementor-element elementor-element-357ba4e\" data-id=\"357ba4e\" data-element_type=\"column\">\n\t\t\t<div class=\"elementor-widget-wrap elementor-element-populated\">\n\t\t\t\t\t\t<div class=\"elementor-element elementor-element-531ed84 elementor-widget elementor-widget-text-editor\" data-id=\"531ed84\" data-element_type=\"widget\" data-widget_type=\"text-editor.default\">\n\t\t\t\t<div class=\"elementor-widget-container\">\n\t\t\t\t\t\t\t<h2>Nuestro servicio es para todos<\/h2>\t\t\t\t\t\t<\/div>\n\t\t\t\t<\/div>\n\t\t\t\t<div class=\"elementor-element elementor-element-fa57b27 elementor-widget elementor-widget-text-editor\" data-id=\"fa57b27\" data-element_type=\"widget\" data-widget_type=\"text-editor.default\">\n\t\t\t\t<div class=\"elementor-widget-container\">\n\t\t\t\t\t\t\t<ul>\n<li>\u00bfQuieres renovar la cocina de tu casa? Te ayudamos a darle plusval\u00eda a tu hogar.<\/li>\n<li>\u00bfEres desarrollador de vivienda? Somos tu aliado, aumenta el valor de tu propiedad y facilita su venta.<\/li>\n<li>\u00bfEres arquitecto o constructor? Nosotros te la fabricamos.<\/li>\n<li>\u00bfEres carpintero independiente o fabricante de cocinas? Nosotros te la dise\u00f1amos.<\/li>\n<\/ul>\t\t\t\t\t\t<\/div>\n\t\t\t\t<\/div>\n\t\t\t\t<div class=\"elementor-element elementor-element-40400552 elementor-widget elementor-widget-heading\" data-id=\"40400552\" data-element_type=\"widget\" data-widget_type=\"heading.default\">\n\t\t\t\t<div class=\"elementor-widget-container\">\n\t\t\t<h1 class=\"elementor-heading-title elementor-size-default\">Cont\u00e1ctanos<\/h1>\t\t<\/div>\n\t\t\t\t<\/div>\n\t\t\t\t<div class=\"elementor-element elementor-element-5a8d15d elementor-widget elementor-widget-text-editor\" data-id=\"5a8d15d\" data-element_type=\"widget\" data-widget_type=\"text-editor.default\">\n\t\t\t\t<div class=\"elementor-widget-container\">\n\t\t\t\t\t\t\t<h4 style=\"margin-top: 0cm; text-align: center; background: white; vertical-align: baseline;\" align=\"center\"><b><span style=\"color: #000c30;\">Ll\u00e1manos al (229) 1594911<\/span><\/b><\/h4>\t\t\t\t\t\t<\/div>\n\t\t\t\t<\/div>\n\t\t\t\t<div class=\"elementor-element elementor-element-8e471c2 elementor-align-center elementor-widget elementor-widget-button\" data-id=\"8e471c2\" data-element_type=\"widget\" data-widget_type=\"button.default\">\n\t\t\t\t<div class=\"elementor-widget-container\">\n\t\t\t\t\t<div class=\"elementor-button-wrapper\">\n\t\t\t<a class=\"elementor-button elementor-button-link elementor-size-sm\" href=\"https:\/\/wa.link\/oxp5oz\" target=\"_blank\">\n\t\t\t\t\t\t<span class=\"elementor-button-content-wrapper\">\n\t\t\t\t\t\t<span class=\"elementor-button-icon elementor-align-icon-left\">\n\t\t\t\t<i aria-hidden=\"true\" class=\"fab fa-whatsapp\"><\/i>\t\t\t<\/span>\n\t\t\t\t\t\t<span class=\"elementor-button-text\">CHATEA CON NOSOTROS<\/span>\n\t\t<\/span>\n\t\t\t\t\t<\/a>\n\t\t<\/div>\n\t\t\t\t<\/div>\n\t\t\t\t<\/div>\n\t\t\t\t\t<\/div>\n\t\t<\/div>\n\t\t\t\t\t<\/div>\n\t\t<\/section>\n\t\t\t\t<\/div>\n\t\t","protected":false},"excerpt":{"rendered":"<p>Nuestro servicio es para todos \u00bfQuieres renovar la cocina de tu casa? Te ayudamos a darle plusval\u00eda a tu hogar. \u00bfEres desarrollador de vivienda? Somos tu aliado, aumenta el valor de tu propiedad y facilita su venta. \u00bfEres arquitecto o constructor? Nosotros te la fabricamos. \u00bfEres carpintero independiente o fabricante de cocinas? Nosotros te la [&hellip;]<\/p>\n","protected":false},"author":1,"featured_media":0,"parent":0,"menu_order":0,"comment_status":"closed","ping_status":"closed","template":"","meta":{"site-sidebar-layout":"no-sidebar","site-content-layout":"page-builder","ast-site-content-layout":"","site-content-style":"default","site-sidebar-style":"default","ast-global-header-display":"","ast-banner-title-visibility":"","ast-main-header-display":"","ast-hfb-above-header-display":"","ast-hfb-below-header-display":"","ast-hfb-mobile-header-display":"","site-post-title":"disabled","ast-breadcrumbs-content":"","ast-featured-img":"disabled","footer-sml-layout":"","theme-transparent-header-meta":"default","adv-header-id-meta":"","stick-header-meta":"","header-above-stick-meta":"","header-main-stick-meta":"","header-below-stick-meta":"","astra-migrate-meta-layouts":"default","ast-page-background-enabled":"default","ast-page-background-meta":{"desktop":{"background-color":"var(--ast-global-color-4)","background-image":"","background-repeat":"repeat","background-position":"center center","background-size":"auto","background-attachment":"scroll","background-type":"","background-media":"","overlay-type":"","overlay-color":"","overlay-gradient":""},"tablet":{"background-color":"","background-image":"","background-repeat":"repeat","background-position":"center center","background-size":"auto","background-attachment":"scroll","background-type":"","background-media":"","overlay-type":"","overlay-color":"","overlay-gradient":""},"mobile":{"background-color":"","background-image":"","background-repeat":"repeat","background-position":"center center","background-size":"auto","background-attachment":"scroll","background-type":"","background-media":"","overlay-type":"","overlay-color":"","overlay-gradient":""}},"ast-content-background-meta":{"desktop":{"background-color":"var(--ast-global-color-5)","background-image":"","background-repeat":"repeat","background-position":"center center","background-size":"auto","background-attachment":"scroll","background-type":"","background-media":"","overlay-type":"","overlay-color":"","overlay-gradient":""},"tablet":{"background-color":"var(--ast-global-color-5)","background-image":"","background-repeat":"repeat","background-position":"center center","background-size":"auto","background-attachment":"scroll","background-type":"","background-media":"","overlay-type":"","overlay-color":"","overlay-gradient":""},"mobile":{"background-color":"var(--ast-global-color-5)","background-image":"","background-repeat":"repeat","background-position":"center center","background-size":"auto","background-attachment":"scroll","background-type":"","background-media":"","overlay-type":"","overlay-color":"","overlay-gradient":""}},"footnotes":""},"yoast_head":"<!-- This site is optimized with the Yoast SEO plugin v22.3 - https:\/\/yoast.com\/wordpress\/plugins\/seo\/ -->\n<title>CONTACTO - LUX COCINAS by Blackwood Impulsa<\/title>\n<meta name=\"description\" content=\"En lux cocinas estamos listos para atenderte, queremos ser quienes dise\u00f1en y fabriquen el coraz\u00f3n de tu hogar, la cocina de tus sue\u00f1os.\" \/>\n<meta name=\"robots\" content=\"index, follow, max-snippet:-1, max-image-preview:large, max-video-preview:-1\" \/>\n<link rel=\"canonical\" href=\"https:\/\/luxcocinas.com\/index.php\/quiero-una-cocina\/\" \/>\n<meta property=\"og:locale\" content=\"en_US\" \/>\n<meta property=\"og:type\" content=\"article\" \/>\n<meta property=\"og:title\" content=\"CONTACTO - LUX COCINAS by Blackwood Impulsa\" \/>\n<meta property=\"og:description\" content=\"En lux cocinas estamos listos para atenderte, queremos ser quienes dise\u00f1en y fabriquen el coraz\u00f3n de tu hogar, la cocina de tus sue\u00f1os.\" \/>\n<meta property=\"og:url\" content=\"https:\/\/luxcocinas.com\/index.php\/quiero-una-cocina\/\" \/>\n<meta property=\"og:site_name\" content=\"LUX COCINAS by Blackwood Impulsa\" \/>\n<meta property=\"article:modified_time\" content=\"2021-03-10T01:47:14+00:00\" \/>\n<meta name=\"twitter:card\" content=\"summary_large_image\" \/>\n<meta name=\"twitter:label1\" content=\"Est. reading time\" \/>\n\t<meta name=\"twitter:data1\" content=\"1 minute\" \/>\n<script type=\"application\/ld+json\" class=\"yoast-schema-graph\">{\"@context\":\"https:\/\/schema.org\",\"@graph\":[{\"@type\":\"WebPage\",\"@id\":\"https:\/\/luxcocinas.com\/index.php\/quiero-una-cocina\/\",\"url\":\"https:\/\/luxcocinas.com\/index.php\/quiero-una-cocina\/\",\"name\":\"CONTACTO - LUX COCINAS by Blackwood Impulsa\",\"isPartOf\":{\"@id\":\"https:\/\/luxcocinas.com\/#website\"},\"datePublished\":\"2017-12-13T08:38:46+00:00\",\"dateModified\":\"2021-03-10T01:47:14+00:00\",\"description\":\"En lux cocinas estamos listos para atenderte, queremos ser quienes dise\u00f1en y fabriquen el coraz\u00f3n de tu hogar, la cocina de tus sue\u00f1os.\",\"breadcrumb\":{\"@id\":\"https:\/\/luxcocinas.com\/index.php\/quiero-una-cocina\/#breadcrumb\"},\"inLanguage\":\"en-US\",\"potentialAction\":[{\"@type\":\"ReadAction\",\"target\":[\"https:\/\/luxcocinas.com\/index.php\/quiero-una-cocina\/\"]}]},{\"@type\":\"BreadcrumbList\",\"@id\":\"https:\/\/luxcocinas.com\/index.php\/quiero-una-cocina\/#breadcrumb\",\"itemListElement\":[{\"@type\":\"ListItem\",\"position\":1,\"name\":\"Portada\",\"item\":\"https:\/\/luxcocinas.com\/\"},{\"@type\":\"ListItem\",\"position\":2,\"name\":\"CONTACTO\"}]},{\"@type\":\"WebSite\",\"@id\":\"https:\/\/luxcocinas.com\/#website\",\"url\":\"https:\/\/luxcocinas.com\/\",\"name\":\"LUX COCINAS by Blackwood Impulsa\",\"description\":\"Dale vida a tu cocina, dale LUX.\",\"publisher\":{\"@id\":\"https:\/\/luxcocinas.com\/#organization\"},\"potentialAction\":[{\"@type\":\"SearchAction\",\"target\":{\"@type\":\"EntryPoint\",\"urlTemplate\":\"https:\/\/luxcocinas.com\/?s={search_term_string}\"},\"query-input\":\"required name=search_term_string\"}],\"inLanguage\":\"en-US\"},{\"@type\":\"Organization\",\"@id\":\"https:\/\/luxcocinas.com\/#organization\",\"name\":\"LUX COCINAS by Blackwood Impulsa\",\"url\":\"https:\/\/luxcocinas.com\/\",\"logo\":{\"@type\":\"ImageObject\",\"inLanguage\":\"en-US\",\"@id\":\"https:\/\/luxcocinas.com\/#\/schema\/logo\/image\/\",\"url\":\"https:\/\/luxcocinas.com\/wp-content\/uploads\/2021\/02\/cropped-LOGO-LUX-COCINAS.png\",\"contentUrl\":\"https:\/\/luxcocinas.com\/wp-content\/uploads\/2021\/02\/cropped-LOGO-LUX-COCINAS.png\",\"width\":709,\"height\":236,\"caption\":\"LUX COCINAS  by Blackwood Impulsa\"},\"image\":{\"@id\":\"https:\/\/luxcocinas.com\/#\/schema\/logo\/image\/\"}}]}<\/script>\n<!-- \/ Yoast SEO plugin. -->","yoast_head_json":{"title":"CONTACTO - LUX COCINAS by Blackwood Impulsa","description":"En lux cocinas estamos listos para atenderte, queremos ser quienes dise\u00f1en y fabriquen el coraz\u00f3n de tu hogar, la cocina de tus sue\u00f1os.","robots":{"index":"index","follow":"follow","max-snippet":"max-snippet:-1","max-image-preview":"max-image-preview:large","max-video-preview":"max-video-preview:-1"},"canonical":"https:\/\/luxcocinas.com\/index.php\/quiero-una-cocina\/","og_locale":"en_US","og_type":"article","og_title":"CONTACTO - LUX COCINAS by Blackwood Impulsa","og_description":"En lux cocinas estamos listos para atenderte, queremos ser quienes dise\u00f1en y fabriquen el coraz\u00f3n de tu hogar, la cocina de tus sue\u00f1os.","og_url":"https:\/\/luxcocinas.com\/index.php\/quiero-una-cocina\/","og_site_name":"LUX COCINAS by Blackwood Impulsa","article_modified_time":"2021-03-10T01:47:14+00:00","twitter_card":"summary_large_image","twitter_misc":{"Est. reading time":"1 minute"},"schema":{"@context":"https:\/\/schema.org","@graph":[{"@type":"WebPage","@id":"https:\/\/luxcocinas.com\/index.php\/quiero-una-cocina\/","url":"https:\/\/luxcocinas.com\/index.php\/quiero-una-cocina\/","name":"CONTACTO - LUX COCINAS by Blackwood Impulsa","isPartOf":{"@id":"https:\/\/luxcocinas.com\/#website"},"datePublished":"2017-12-13T08:38:46+00:00","dateModified":"2021-03-10T01:47:14+00:00","description":"En lux cocinas estamos listos para atenderte, queremos ser quienes dise\u00f1en y fabriquen el coraz\u00f3n de tu hogar, la cocina de tus sue\u00f1os.","breadcrumb":{"@id":"https:\/\/luxcocinas.com\/index.php\/quiero-una-cocina\/#breadcrumb"},"inLanguage":"en-US","potentialAction":[{"@type":"ReadAction","target":["https:\/\/luxcocinas.com\/index.php\/quiero-una-cocina\/"]}]},{"@type":"BreadcrumbList","@id":"https:\/\/luxcocinas.com\/index.php\/quiero-una-cocina\/#breadcrumb","itemListElement":[{"@type":"ListItem","position":1,"name":"Portada","item":"https:\/\/luxcocinas.com\/"},{"@type":"ListItem","position":2,"name":"CONTACTO"}]},{"@type":"WebSite","@id":"https:\/\/luxcocinas.com\/#website","url":"https:\/\/luxcocinas.com\/","name":"LUX COCINAS by Blackwood Impulsa","description":"Dale vida a tu cocina, dale LUX.","publisher":{"@id":"https:\/\/luxcocinas.com\/#organization"},"potentialAction":[{"@type":"SearchAction","target":{"@type":"EntryPoint","urlTemplate":"https:\/\/luxcocinas.com\/?s={search_term_string}"},"query-input":"required name=search_term_string"}],"inLanguage":"en-US"},{"@type":"Organization","@id":"https:\/\/luxcocinas.com\/#organization","name":"LUX COCINAS by Blackwood Impulsa","url":"https:\/\/luxcocinas.com\/","logo":{"@type":"ImageObject","inLanguage":"en-US","@id":"https:\/\/luxcocinas.com\/#\/schema\/logo\/image\/","url":"https:\/\/luxcocinas.com\/wp-content\/uploads\/2021\/02\/cropped-LOGO-LUX-COCINAS.png","contentUrl":"https:\/\/luxcocinas.com\/wp-content\/uploads\/2021\/02\/cropped-LOGO-LUX-COCINAS.png","width":709,"height":236,"caption":"LUX COCINAS  by Blackwood Impulsa"},"image":{"@id":"https:\/\/luxcocinas.com\/#\/schema\/logo\/image\/"}}]}},"_links":{"self":[{"href":"https:\/\/luxcocinas.com\/index.php\/wp-json\/wp\/v2\/pages\/26"}],"collection":[{"href":"https:\/\/luxcocinas.com\/index.php\/wp-json\/wp\/v2\/pages"}],"about":[{"href":"https:\/\/luxcocinas.com\/index.php\/wp-json\/wp\/v2\/types\/page"}],"author":[{"embeddable":true,"href":"https:\/\/luxcocinas.com\/index.php\/wp-json\/wp\/v2\/users\/1"}],"replies":[{"embeddable":true,"href":"https:\/\/luxcocinas.com\/index.php\/wp-json\/wp\/v2\/comments?post=26"}],"version-history":[{"count":29,"href":"https:\/\/luxcocinas.com\/index.php\/wp-json\/wp\/v2\/pages\/26\/revisions"}],"predecessor-version":[{"id":834,"href":"https:\/\/luxcocinas.com\/index.php\/wp-json\/wp\/v2\/pages\/26\/revisions\/834"}],"wp:attachment":[{"href":"https:\/\/luxcocinas.com\/index.php\/wp-json\/wp\/v2\/media?parent=26"}],"curies":[{"name":"wp","href":"https:\/\/api.w.org\/{rel}","templated":true}]}}