{"id":25,"date":"2017-12-13T08:37:50","date_gmt":"2017-12-13T08:37:50","guid":{"rendered":"http:\/\/luxcocinas.com\/index.php\/about-me\/"},"modified":"2021-02-21T18:34:58","modified_gmt":"2021-02-21T18:34:58","slug":"about-me","status":"publish","type":"page","link":"https:\/\/luxcocinas.com\/index.php\/about-me\/","title":{"rendered":"NOSOTROS"},"content":{"rendered":"\t\t<div data-elementor-type=\"wp-post\" data-elementor-id=\"25\" class=\"elementor elementor-25\">\n\t\t\t\t\t\t<section class=\"elementor-section elementor-top-section elementor-element elementor-element-1582c1f elementor-section-boxed elementor-section-height-default elementor-section-height-default\" data-id=\"1582c1f\" data-element_type=\"section\" data-settings=\"{&quot;background_background&quot;:&quot;gradient&quot;}\">\n\t\t\t\t\t\t<div class=\"elementor-container elementor-column-gap-default\">\n\t\t\t\t\t<div class=\"elementor-column elementor-col-50 elementor-top-column elementor-element elementor-element-2558e84\" data-id=\"2558e84\" data-element_type=\"column\">\n\t\t\t<div class=\"elementor-widget-wrap elementor-element-populated\">\n\t\t\t\t\t\t<section class=\"elementor-section elementor-inner-section elementor-element elementor-element-aa88a5d elementor-section-content-middle elementor-section-boxed elementor-section-height-default elementor-section-height-default\" data-id=\"aa88a5d\" data-element_type=\"section\">\n\t\t\t\t\t\t<div class=\"elementor-container elementor-column-gap-default\">\n\t\t\t\t\t<div class=\"elementor-column elementor-col-100 elementor-inner-column elementor-element elementor-element-fb560ae\" data-id=\"fb560ae\" data-element_type=\"column\">\n\t\t\t<div class=\"elementor-widget-wrap elementor-element-populated\">\n\t\t\t\t\t\t<div class=\"elementor-element elementor-element-8b3d11b elementor-widget elementor-widget-heading\" data-id=\"8b3d11b\" data-element_type=\"widget\" data-widget_type=\"heading.default\">\n\t\t\t\t<div class=\"elementor-widget-container\">\n\t\t\t<h1 class=\"elementor-heading-title elementor-size-default\">Nosotros<\/h1>\t\t<\/div>\n\t\t\t\t<\/div>\n\t\t\t\t<div class=\"elementor-element elementor-element-cbbdc57 elementor-widget elementor-widget-text-editor\" data-id=\"cbbdc57\" data-element_type=\"widget\" data-widget_type=\"text-editor.default\">\n\t\t\t\t<div class=\"elementor-widget-container\">\n\t\t\t\t\t\t\t<p>Lux Cocinas nace de la necesidad de brindar a nuestros clientes soluciones de vanguardia, teniendo como eje fundamental el dise\u00f1o y fabricaci\u00f3n de cocinas.<\/p><p>Somos la uni\u00f3n de creatividad e ingenio por parte de Impulsa Arquitectos y Blackwood Muebles, empresas constituidas y con operaciones en la zona conurbada Veracruz, Boca del R\u00edo, Medell\u00edn y Alvarado.<\/p><p>Nuestro servicio no se limita a la regi\u00f3n centro del estado de Veracruz, estamos presentes donde nuestros clientes nos requieran.<\/p><p>Nuestro taller de fabricaci\u00f3n se encuentra ubicado en la zona norte del puerto de Veracruz, y es la base de operaciones de nuestra empresa.<\/p><p>Tenemos personal especializado en todas las etapas de ejecuci\u00f3n que necesite tu cocina, desde carpinteros, fontaneros electricistas y alba\u00f1iles ya que nuestro prop\u00f3sito es poder brindarte un servicio integral.<\/p>\t\t\t\t\t\t<\/div>\n\t\t\t\t<\/div>\n\t\t\t\t\t<\/div>\n\t\t<\/div>\n\t\t\t\t\t<\/div>\n\t\t<\/section>\n\t\t\t\t\t<\/div>\n\t\t<\/div>\n\t\t\t\t<div class=\"elementor-column elementor-col-50 elementor-top-column elementor-element elementor-element-b70feff\" data-id=\"b70feff\" data-element_type=\"column\">\n\t\t\t<div class=\"elementor-widget-wrap elementor-element-populated\">\n\t\t\t\t\t\t<div class=\"elementor-element elementor-element-a1c7b39 elementor-widget elementor-widget-image\" data-id=\"a1c7b39\" data-element_type=\"widget\" data-widget_type=\"image.default\">\n\t\t\t\t<div class=\"elementor-widget-container\">\n\t\t\t\t\t\t\t\t\t\t\t\t\t<img fetchpriority=\"high\" decoding=\"async\" width=\"1024\" height=\"768\" src=\"https:\/\/luxcocinas.com\/wp-content\/uploads\/2021\/02\/COCINA-DIAMANTE.jpg\" class=\"attachment-large size-large wp-image-721\" alt=\"\" srcset=\"https:\/\/luxcocinas.com\/wp-content\/uploads\/2021\/02\/COCINA-DIAMANTE.jpg 1024w, https:\/\/luxcocinas.com\/wp-content\/uploads\/2021\/02\/COCINA-DIAMANTE-300x225.jpg 300w, https:\/\/luxcocinas.com\/wp-content\/uploads\/2021\/02\/COCINA-DIAMANTE-768x576.jpg 768w, https:\/\/luxcocinas.com\/wp-content\/uploads\/2021\/02\/COCINA-DIAMANTE-600x450.jpg 600w\" sizes=\"(max-width: 1024px) 100vw, 1024px\" \/>\t\t\t\t\t\t\t\t\t\t\t\t\t<\/div>\n\t\t\t\t<\/div>\n\t\t\t\t<div class=\"elementor-element elementor-element-5a013a9 elementor-widget elementor-widget-image\" data-id=\"5a013a9\" data-element_type=\"widget\" data-widget_type=\"image.default\">\n\t\t\t\t<div class=\"elementor-widget-container\">\n\t\t\t\t\t\t\t\t\t\t\t\t\t<img decoding=\"async\" width=\"1024\" height=\"768\" src=\"https:\/\/luxcocinas.com\/wp-content\/uploads\/2021\/02\/COCINA-LAGOS.jpg\" class=\"attachment-large size-large wp-image-722\" alt=\"\" srcset=\"https:\/\/luxcocinas.com\/wp-content\/uploads\/2021\/02\/COCINA-LAGOS.jpg 1024w, https:\/\/luxcocinas.com\/wp-content\/uploads\/2021\/02\/COCINA-LAGOS-300x225.jpg 300w, https:\/\/luxcocinas.com\/wp-content\/uploads\/2021\/02\/COCINA-LAGOS-768x576.jpg 768w, https:\/\/luxcocinas.com\/wp-content\/uploads\/2021\/02\/COCINA-LAGOS-600x450.jpg 600w\" sizes=\"(max-width: 1024px) 100vw, 1024px\" \/>\t\t\t\t\t\t\t\t\t\t\t\t\t<\/div>\n\t\t\t\t<\/div>\n\t\t\t\t\t<\/div>\n\t\t<\/div>\n\t\t\t\t\t<\/div>\n\t\t<\/section>\n\t\t\t\t<section class=\"elementor-section elementor-top-section elementor-element elementor-element-6f15046 elementor-section-content-middle elementor-section-boxed elementor-section-height-default elementor-section-height-default\" data-id=\"6f15046\" data-element_type=\"section\" data-settings=\"{&quot;background_background&quot;:&quot;gradient&quot;}\">\n\t\t\t\t\t\t<div class=\"elementor-container elementor-column-gap-default\">\n\t\t\t\t\t<div class=\"elementor-column elementor-col-100 elementor-top-column elementor-element elementor-element-1d48636\" data-id=\"1d48636\" data-element_type=\"column\">\n\t\t\t<div class=\"elementor-widget-wrap elementor-element-populated\">\n\t\t\t\t\t\t<section class=\"elementor-section elementor-inner-section elementor-element elementor-element-bd70a28 elementor-section-content-top elementor-section-boxed elementor-section-height-default elementor-section-height-default\" data-id=\"bd70a28\" data-element_type=\"section\">\n\t\t\t\t\t\t<div class=\"elementor-container elementor-column-gap-default\">\n\t\t\t\t\t<div class=\"elementor-column elementor-col-33 elementor-inner-column elementor-element elementor-element-bf5d868\" data-id=\"bf5d868\" data-element_type=\"column\">\n\t\t\t<div class=\"elementor-widget-wrap\">\n\t\t\t\t\t\t\t<\/div>\n\t\t<\/div>\n\t\t\t\t<div class=\"elementor-column elementor-col-33 elementor-inner-column elementor-element elementor-element-5852a61\" data-id=\"5852a61\" data-element_type=\"column\">\n\t\t\t<div class=\"elementor-widget-wrap elementor-element-populated\">\n\t\t\t\t\t\t<div class=\"elementor-element elementor-element-7b26b84 elementor-widget elementor-widget-heading\" data-id=\"7b26b84\" data-element_type=\"widget\" data-widget_type=\"heading.default\">\n\t\t\t\t<div class=\"elementor-widget-container\">\n\t\t\t<h2 class=\"elementor-heading-title elementor-size-default\">Empresas asociadas<\/h2>\t\t<\/div>\n\t\t\t\t<\/div>\n\t\t\t\t\t<\/div>\n\t\t<\/div>\n\t\t\t\t<div class=\"elementor-column elementor-col-33 elementor-inner-column elementor-element elementor-element-23e268c\" data-id=\"23e268c\" data-element_type=\"column\">\n\t\t\t<div class=\"elementor-widget-wrap\">\n\t\t\t\t\t\t\t<\/div>\n\t\t<\/div>\n\t\t\t\t\t<\/div>\n\t\t<\/section>\n\t\t\t\t<section class=\"elementor-section elementor-inner-section elementor-element elementor-element-ba2df14 elementor-section-boxed elementor-section-height-default elementor-section-height-default\" data-id=\"ba2df14\" data-element_type=\"section\">\n\t\t\t\t\t\t<div class=\"elementor-container elementor-column-gap-default\">\n\t\t\t\t\t<div class=\"elementor-column elementor-col-33 elementor-inner-column elementor-element elementor-element-f46b0ca\" data-id=\"f46b0ca\" data-element_type=\"column\">\n\t\t\t<div class=\"elementor-widget-wrap elementor-element-populated\">\n\t\t\t\t\t\t<div class=\"elementor-element elementor-element-cce123b elementor-widget elementor-widget-image\" data-id=\"cce123b\" data-element_type=\"widget\" data-widget_type=\"image.default\">\n\t\t\t\t<div class=\"elementor-widget-container\">\n\t\t\t\t\t\t\t\t\t\t\t\t\t\t<a href=\"http:\/\/www.somosimpulsaproyectos.com\">\n\t\t\t\t\t\t\t<img decoding=\"async\" width=\"400\" height=\"190\" src=\"https:\/\/luxcocinas.com\/wp-content\/uploads\/2021\/02\/LOGO-IMPULSA-1.png\" class=\"attachment-large size-large wp-image-686\" alt=\"\" srcset=\"https:\/\/luxcocinas.com\/wp-content\/uploads\/2021\/02\/LOGO-IMPULSA-1.png 400w, https:\/\/luxcocinas.com\/wp-content\/uploads\/2021\/02\/LOGO-IMPULSA-1-300x143.png 300w\" sizes=\"(max-width: 400px) 100vw, 400px\" \/>\t\t\t\t\t\t\t\t<\/a>\n\t\t\t\t\t\t\t\t\t\t\t\t\t<\/div>\n\t\t\t\t<\/div>\n\t\t\t\t\t<\/div>\n\t\t<\/div>\n\t\t\t\t<div class=\"elementor-column elementor-col-33 elementor-inner-column elementor-element elementor-element-5b52e63\" data-id=\"5b52e63\" data-element_type=\"column\">\n\t\t\t<div class=\"elementor-widget-wrap elementor-element-populated\">\n\t\t\t\t\t\t<div class=\"elementor-element elementor-element-0d0e443 elementor-widget elementor-widget-image\" data-id=\"0d0e443\" data-element_type=\"widget\" data-widget_type=\"image.default\">\n\t\t\t\t<div class=\"elementor-widget-container\">\n\t\t\t\t\t\t\t\t\t\t\t\t\t\t<a href=\"http:\/\/luxcocinas.com\/index.php\/algunas-cocinas\/\">\n\t\t\t\t\t\t\t<img loading=\"lazy\" decoding=\"async\" width=\"709\" height=\"236\" src=\"https:\/\/luxcocinas.com\/wp-content\/uploads\/2021\/02\/cropped-LOGO-LUX-COCINAS-220x73.png\" class=\"attachment-large size-large wp-image-612\" alt=\"\" srcset=\"https:\/\/luxcocinas.com\/wp-content\/uploads\/2021\/02\/cropped-LOGO-LUX-COCINAS.png 1x, http:\/\/luxcocinas.com\/wp-content\/uploads\/2021\/02\/LOGO-LUX-COCINAS.png 2x\" sizes=\"(max-width: 709px) 100vw, 709px\" \/>\t\t\t\t\t\t\t\t<\/a>\n\t\t\t\t\t\t\t\t\t\t\t\t\t<\/div>\n\t\t\t\t<\/div>\n\t\t\t\t\t<\/div>\n\t\t<\/div>\n\t\t\t\t<div class=\"elementor-column elementor-col-33 elementor-inner-column elementor-element elementor-element-cd5e5d1\" data-id=\"cd5e5d1\" data-element_type=\"column\">\n\t\t\t<div class=\"elementor-widget-wrap elementor-element-populated\">\n\t\t\t\t\t\t<div class=\"elementor-element elementor-element-47b33fc elementor-widget elementor-widget-image\" data-id=\"47b33fc\" data-element_type=\"widget\" data-widget_type=\"image.default\">\n\t\t\t\t<div class=\"elementor-widget-container\">\n\t\t\t\t\t\t\t\t\t\t\t\t\t\t<a href=\"https:\/\/www.facebook.com\/mueblesBW\">\n\t\t\t\t\t\t\t<img loading=\"lazy\" decoding=\"async\" width=\"1024\" height=\"158\" src=\"https:\/\/luxcocinas.com\/wp-content\/uploads\/2021\/02\/LOGO-BLACKWOOD-1024x158.png\" class=\"attachment-large size-large wp-image-681\" alt=\"\" srcset=\"https:\/\/luxcocinas.com\/wp-content\/uploads\/2021\/02\/LOGO-BLACKWOOD-1024x158.png 1024w, https:\/\/luxcocinas.com\/wp-content\/uploads\/2021\/02\/LOGO-BLACKWOOD-300x46.png 300w, https:\/\/luxcocinas.com\/wp-content\/uploads\/2021\/02\/LOGO-BLACKWOOD-768x118.png 768w, https:\/\/luxcocinas.com\/wp-content\/uploads\/2021\/02\/LOGO-BLACKWOOD-1536x237.png 1536w, https:\/\/luxcocinas.com\/wp-content\/uploads\/2021\/02\/LOGO-BLACKWOOD-600x93.png 600w, https:\/\/luxcocinas.com\/wp-content\/uploads\/2021\/02\/LOGO-BLACKWOOD.png 1751w\" sizes=\"(max-width: 1024px) 100vw, 1024px\" \/>\t\t\t\t\t\t\t\t<\/a>\n\t\t\t\t\t\t\t\t\t\t\t\t\t<\/div>\n\t\t\t\t<\/div>\n\t\t\t\t\t<\/div>\n\t\t<\/div>\n\t\t\t\t\t<\/div>\n\t\t<\/section>\n\t\t\t\t\t<\/div>\n\t\t<\/div>\n\t\t\t\t\t<\/div>\n\t\t<\/section>\n\t\t\t\t<\/div>\n\t\t","protected":false},"excerpt":{"rendered":"<p>Nosotros Lux Cocinas nace de la necesidad de brindar a nuestros clientes soluciones de vanguardia, teniendo como eje fundamental el dise\u00f1o y fabricaci\u00f3n de cocinas. Somos la uni\u00f3n de creatividad e ingenio por parte de Impulsa Arquitectos y Blackwood Muebles, empresas constituidas y con operaciones en la zona conurbada Veracruz, Boca del R\u00edo, Medell\u00edn y [&hellip;]<\/p>\n","protected":false},"author":1,"featured_media":0,"parent":0,"menu_order":0,"comment_status":"closed","ping_status":"closed","template":"","meta":{"site-sidebar-layout":"no-sidebar","site-content-layout":"page-builder","ast-site-content-layout":"","site-content-style":"default","site-sidebar-style":"default","ast-global-header-display":"","ast-banner-title-visibility":"","ast-main-header-display":"","ast-hfb-above-header-display":"","ast-hfb-below-header-display":"","ast-hfb-mobile-header-display":"","site-post-title":"disabled","ast-breadcrumbs-content":"","ast-featured-img":"disabled","footer-sml-layout":"","theme-transparent-header-meta":"default","adv-header-id-meta":"","stick-header-meta":"","header-above-stick-meta":"","header-main-stick-meta":"","header-below-stick-meta":"","astra-migrate-meta-layouts":"default","ast-page-background-enabled":"default","ast-page-background-meta":{"desktop":{"background-color":"var(--ast-global-color-4)","background-image":"","background-repeat":"repeat","background-position":"center center","background-size":"auto","background-attachment":"scroll","background-type":"","background-media":"","overlay-type":"","overlay-color":"","overlay-gradient":""},"tablet":{"background-color":"","background-image":"","background-repeat":"repeat","background-position":"center center","background-size":"auto","background-attachment":"scroll","background-type":"","background-media":"","overlay-type":"","overlay-color":"","overlay-gradient":""},"mobile":{"background-color":"","background-image":"","background-repeat":"repeat","background-position":"center center","background-size":"auto","background-attachment":"scroll","background-type":"","background-media":"","overlay-type":"","overlay-color":"","overlay-gradient":""}},"ast-content-background-meta":{"desktop":{"background-color":"var(--ast-global-color-5)","background-image":"","background-repeat":"repeat","background-position":"center center","background-size":"auto","background-attachment":"scroll","background-type":"","background-media":"","overlay-type":"","overlay-color":"","overlay-gradient":""},"tablet":{"background-color":"var(--ast-global-color-5)","background-image":"","background-repeat":"repeat","background-position":"center center","background-size":"auto","background-attachment":"scroll","background-type":"","background-media":"","overlay-type":"","overlay-color":"","overlay-gradient":""},"mobile":{"background-color":"var(--ast-global-color-5)","background-image":"","background-repeat":"repeat","background-position":"center center","background-size":"auto","background-attachment":"scroll","background-type":"","background-media":"","overlay-type":"","overlay-color":"","overlay-gradient":""}},"footnotes":""},"yoast_head":"<!-- This site is optimized with the Yoast SEO plugin v22.3 - https:\/\/yoast.com\/wordpress\/plugins\/seo\/ -->\n<title>NOSOTROS - LUX COCINAS by Blackwood Impulsa<\/title>\n<meta name=\"robots\" content=\"index, follow, max-snippet:-1, max-image-preview:large, max-video-preview:-1\" \/>\n<link rel=\"canonical\" href=\"https:\/\/luxcocinas.com\/index.php\/about-me\/\" \/>\n<meta property=\"og:locale\" content=\"en_US\" \/>\n<meta property=\"og:type\" content=\"article\" \/>\n<meta property=\"og:title\" content=\"NOSOTROS - LUX COCINAS by Blackwood Impulsa\" \/>\n<meta property=\"og:description\" content=\"Nosotros Lux Cocinas nace de la necesidad de brindar a nuestros clientes soluciones de vanguardia, teniendo como eje fundamental el dise\u00f1o y fabricaci\u00f3n de cocinas. Somos la uni\u00f3n de creatividad e ingenio por parte de Impulsa Arquitectos y Blackwood Muebles, empresas constituidas y con operaciones en la zona conurbada Veracruz, Boca del R\u00edo, Medell\u00edn y [&hellip;]\" \/>\n<meta property=\"og:url\" content=\"https:\/\/luxcocinas.com\/index.php\/about-me\/\" \/>\n<meta property=\"og:site_name\" content=\"LUX COCINAS by Blackwood Impulsa\" \/>\n<meta property=\"article:modified_time\" content=\"2021-02-21T18:34:58+00:00\" \/>\n<meta property=\"og:image\" content=\"http:\/\/luxcocinas.com\/wp-content\/uploads\/2021\/02\/COCINA-DIAMANTE.jpg\" \/>\n<meta name=\"twitter:card\" content=\"summary_large_image\" \/>\n<meta name=\"twitter:label1\" content=\"Est. reading time\" \/>\n\t<meta name=\"twitter:data1\" content=\"2 minutes\" \/>\n<script type=\"application\/ld+json\" class=\"yoast-schema-graph\">{\"@context\":\"https:\/\/schema.org\",\"@graph\":[{\"@type\":\"WebPage\",\"@id\":\"https:\/\/luxcocinas.com\/index.php\/about-me\/\",\"url\":\"https:\/\/luxcocinas.com\/index.php\/about-me\/\",\"name\":\"NOSOTROS - LUX COCINAS by Blackwood Impulsa\",\"isPartOf\":{\"@id\":\"https:\/\/luxcocinas.com\/#website\"},\"primaryImageOfPage\":{\"@id\":\"https:\/\/luxcocinas.com\/index.php\/about-me\/#primaryimage\"},\"image\":{\"@id\":\"https:\/\/luxcocinas.com\/index.php\/about-me\/#primaryimage\"},\"thumbnailUrl\":\"http:\/\/luxcocinas.com\/wp-content\/uploads\/2021\/02\/COCINA-DIAMANTE.jpg\",\"datePublished\":\"2017-12-13T08:37:50+00:00\",\"dateModified\":\"2021-02-21T18:34:58+00:00\",\"breadcrumb\":{\"@id\":\"https:\/\/luxcocinas.com\/index.php\/about-me\/#breadcrumb\"},\"inLanguage\":\"en-US\",\"potentialAction\":[{\"@type\":\"ReadAction\",\"target\":[\"https:\/\/luxcocinas.com\/index.php\/about-me\/\"]}]},{\"@type\":\"ImageObject\",\"inLanguage\":\"en-US\",\"@id\":\"https:\/\/luxcocinas.com\/index.php\/about-me\/#primaryimage\",\"url\":\"https:\/\/luxcocinas.com\/wp-content\/uploads\/2021\/02\/COCINA-DIAMANTE.jpg\",\"contentUrl\":\"https:\/\/luxcocinas.com\/wp-content\/uploads\/2021\/02\/COCINA-DIAMANTE.jpg\",\"width\":1024,\"height\":768},{\"@type\":\"BreadcrumbList\",\"@id\":\"https:\/\/luxcocinas.com\/index.php\/about-me\/#breadcrumb\",\"itemListElement\":[{\"@type\":\"ListItem\",\"position\":1,\"name\":\"Portada\",\"item\":\"https:\/\/luxcocinas.com\/\"},{\"@type\":\"ListItem\",\"position\":2,\"name\":\"NOSOTROS\"}]},{\"@type\":\"WebSite\",\"@id\":\"https:\/\/luxcocinas.com\/#website\",\"url\":\"https:\/\/luxcocinas.com\/\",\"name\":\"LUX COCINAS by Blackwood Impulsa\",\"description\":\"Dale vida a tu cocina, dale LUX.\",\"publisher\":{\"@id\":\"https:\/\/luxcocinas.com\/#organization\"},\"potentialAction\":[{\"@type\":\"SearchAction\",\"target\":{\"@type\":\"EntryPoint\",\"urlTemplate\":\"https:\/\/luxcocinas.com\/?s={search_term_string}\"},\"query-input\":\"required name=search_term_string\"}],\"inLanguage\":\"en-US\"},{\"@type\":\"Organization\",\"@id\":\"https:\/\/luxcocinas.com\/#organization\",\"name\":\"LUX COCINAS by Blackwood Impulsa\",\"url\":\"https:\/\/luxcocinas.com\/\",\"logo\":{\"@type\":\"ImageObject\",\"inLanguage\":\"en-US\",\"@id\":\"https:\/\/luxcocinas.com\/#\/schema\/logo\/image\/\",\"url\":\"https:\/\/luxcocinas.com\/wp-content\/uploads\/2021\/02\/cropped-LOGO-LUX-COCINAS.png\",\"contentUrl\":\"https:\/\/luxcocinas.com\/wp-content\/uploads\/2021\/02\/cropped-LOGO-LUX-COCINAS.png\",\"width\":709,\"height\":236,\"caption\":\"LUX COCINAS  by Blackwood Impulsa\"},\"image\":{\"@id\":\"https:\/\/luxcocinas.com\/#\/schema\/logo\/image\/\"}}]}<\/script>\n<!-- \/ Yoast SEO plugin. -->","yoast_head_json":{"title":"NOSOTROS - LUX COCINAS by Blackwood Impulsa","robots":{"index":"index","follow":"follow","max-snippet":"max-snippet:-1","max-image-preview":"max-image-preview:large","max-video-preview":"max-video-preview:-1"},"canonical":"https:\/\/luxcocinas.com\/index.php\/about-me\/","og_locale":"en_US","og_type":"article","og_title":"NOSOTROS - LUX COCINAS by Blackwood Impulsa","og_description":"Nosotros Lux Cocinas nace de la necesidad de brindar a nuestros clientes soluciones de vanguardia, teniendo como eje fundamental el dise\u00f1o y fabricaci\u00f3n de cocinas. Somos la uni\u00f3n de creatividad e ingenio por parte de Impulsa Arquitectos y Blackwood Muebles, empresas constituidas y con operaciones en la zona conurbada Veracruz, Boca del R\u00edo, Medell\u00edn y [&hellip;]","og_url":"https:\/\/luxcocinas.com\/index.php\/about-me\/","og_site_name":"LUX COCINAS by Blackwood Impulsa","article_modified_time":"2021-02-21T18:34:58+00:00","og_image":[{"url":"http:\/\/luxcocinas.com\/wp-content\/uploads\/2021\/02\/COCINA-DIAMANTE.jpg"}],"twitter_card":"summary_large_image","twitter_misc":{"Est. reading time":"2 minutes"},"schema":{"@context":"https:\/\/schema.org","@graph":[{"@type":"WebPage","@id":"https:\/\/luxcocinas.com\/index.php\/about-me\/","url":"https:\/\/luxcocinas.com\/index.php\/about-me\/","name":"NOSOTROS - LUX COCINAS by Blackwood Impulsa","isPartOf":{"@id":"https:\/\/luxcocinas.com\/#website"},"primaryImageOfPage":{"@id":"https:\/\/luxcocinas.com\/index.php\/about-me\/#primaryimage"},"image":{"@id":"https:\/\/luxcocinas.com\/index.php\/about-me\/#primaryimage"},"thumbnailUrl":"http:\/\/luxcocinas.com\/wp-content\/uploads\/2021\/02\/COCINA-DIAMANTE.jpg","datePublished":"2017-12-13T08:37:50+00:00","dateModified":"2021-02-21T18:34:58+00:00","breadcrumb":{"@id":"https:\/\/luxcocinas.com\/index.php\/about-me\/#breadcrumb"},"inLanguage":"en-US","potentialAction":[{"@type":"ReadAction","target":["https:\/\/luxcocinas.com\/index.php\/about-me\/"]}]},{"@type":"ImageObject","inLanguage":"en-US","@id":"https:\/\/luxcocinas.com\/index.php\/about-me\/#primaryimage","url":"https:\/\/luxcocinas.com\/wp-content\/uploads\/2021\/02\/COCINA-DIAMANTE.jpg","contentUrl":"https:\/\/luxcocinas.com\/wp-content\/uploads\/2021\/02\/COCINA-DIAMANTE.jpg","width":1024,"height":768},{"@type":"BreadcrumbList","@id":"https:\/\/luxcocinas.com\/index.php\/about-me\/#breadcrumb","itemListElement":[{"@type":"ListItem","position":1,"name":"Portada","item":"https:\/\/luxcocinas.com\/"},{"@type":"ListItem","position":2,"name":"NOSOTROS"}]},{"@type":"WebSite","@id":"https:\/\/luxcocinas.com\/#website","url":"https:\/\/luxcocinas.com\/","name":"LUX COCINAS by Blackwood Impulsa","description":"Dale vida a tu cocina, dale LUX.","publisher":{"@id":"https:\/\/luxcocinas.com\/#organization"},"potentialAction":[{"@type":"SearchAction","target":{"@type":"EntryPoint","urlTemplate":"https:\/\/luxcocinas.com\/?s={search_term_string}"},"query-input":"required name=search_term_string"}],"inLanguage":"en-US"},{"@type":"Organization","@id":"https:\/\/luxcocinas.com\/#organization","name":"LUX COCINAS by Blackwood Impulsa","url":"https:\/\/luxcocinas.com\/","logo":{"@type":"ImageObject","inLanguage":"en-US","@id":"https:\/\/luxcocinas.com\/#\/schema\/logo\/image\/","url":"https:\/\/luxcocinas.com\/wp-content\/uploads\/2021\/02\/cropped-LOGO-LUX-COCINAS.png","contentUrl":"https:\/\/luxcocinas.com\/wp-content\/uploads\/2021\/02\/cropped-LOGO-LUX-COCINAS.png","width":709,"height":236,"caption":"LUX COCINAS  by Blackwood Impulsa"},"image":{"@id":"https:\/\/luxcocinas.com\/#\/schema\/logo\/image\/"}}]}},"_links":{"self":[{"href":"https:\/\/luxcocinas.com\/index.php\/wp-json\/wp\/v2\/pages\/25"}],"collection":[{"href":"https:\/\/luxcocinas.com\/index.php\/wp-json\/wp\/v2\/pages"}],"about":[{"href":"https:\/\/luxcocinas.com\/index.php\/wp-json\/wp\/v2\/types\/page"}],"author":[{"embeddable":true,"href":"https:\/\/luxcocinas.com\/index.php\/wp-json\/wp\/v2\/users\/1"}],"replies":[{"embeddable":true,"href":"https:\/\/luxcocinas.com\/index.php\/wp-json\/wp\/v2\/comments?post=25"}],"version-history":[{"count":41,"href":"https:\/\/luxcocinas.com\/index.php\/wp-json\/wp\/v2\/pages\/25\/revisions"}],"predecessor-version":[{"id":818,"href":"https:\/\/luxcocinas.com\/index.php\/wp-json\/wp\/v2\/pages\/25\/revisions\/818"}],"wp:attachment":[{"href":"https:\/\/luxcocinas.com\/index.php\/wp-json\/wp\/v2\/media?parent=25"}],"curies":[{"name":"wp","href":"https:\/\/api.w.org\/{rel}","templated":true}]}}